{"id":1426,"date":"2025-09-05T13:35:06","date_gmt":"2025-09-05T11:35:06","guid":{"rendered":"https:\/\/www.see-network.es\/blog\/"},"modified":"2025-10-02T13:10:52","modified_gmt":"2025-10-02T11:10:52","slug":"blog","status":"publish","type":"page","link":"https:\/\/www.see-network.es\/es\/blog\/","title":{"rendered":"Blog"},"content":{"rendered":"\t\t<div data-elementor-type=\"wp-page\" data-elementor-id=\"1426\" class=\"elementor elementor-1426 elementor-1408\" data-elementor-post-type=\"page\">\n\t\t\t\t<div class=\"elementor-element elementor-element-2279d2c e-flex e-con-boxed e-con e-parent\" data-id=\"2279d2c\" data-element_type=\"container\" data-e-type=\"container\" data-settings=\"{&quot;background_background&quot;:&quot;classic&quot;}\">\n\t\t\t\t\t<div class=\"e-con-inner\">\n\t\t\t\t<div class=\"elementor-element elementor-element-56df57d elementor-widget elementor-widget-heading\" data-id=\"56df57d\" data-element_type=\"widget\" data-e-type=\"widget\" data-widget_type=\"heading.default\">\n\t\t\t\t<div class=\"elementor-widget-container\">\n\t\t\t\t\t<h2 class=\"elementor-heading-title elementor-size-default\">\u00daltimas noticias y art\u00edculos<\/h2>\t\t\t\t<\/div>\n\t\t\t\t<\/div>\n\t\t\t\t\t<\/div>\n\t\t\t\t<\/div>\n\t\t<div class=\"elementor-element elementor-element-f71d9f7 e-flex e-con-boxed e-con e-parent\" data-id=\"f71d9f7\" data-element_type=\"container\" data-e-type=\"container\">\n\t\t\t\t\t<div class=\"e-con-inner\">\n\t\t\t\t<div class=\"elementor-element elementor-element-1230bd3 elementor-grid-3 elementor-grid-tablet-2 elementor-grid-mobile-1 elementor-posts--thumbnail-top elementor-card-shadow-yes elementor-posts__hover-gradient elementor-widget elementor-widget-posts\" data-id=\"1230bd3\" data-element_type=\"widget\" data-e-type=\"widget\" data-settings=\"{&quot;cards_columns&quot;:&quot;3&quot;,&quot;cards_columns_tablet&quot;:&quot;2&quot;,&quot;cards_columns_mobile&quot;:&quot;1&quot;,&quot;cards_row_gap&quot;:{&quot;unit&quot;:&quot;px&quot;,&quot;size&quot;:35,&quot;sizes&quot;:[]},&quot;cards_row_gap_tablet&quot;:{&quot;unit&quot;:&quot;px&quot;,&quot;size&quot;:&quot;&quot;,&quot;sizes&quot;:[]},&quot;cards_row_gap_mobile&quot;:{&quot;unit&quot;:&quot;px&quot;,&quot;size&quot;:&quot;&quot;,&quot;sizes&quot;:[]}}\" data-widget_type=\"posts.cards\">\n\t\t\t\t<div class=\"elementor-widget-container\">\n\t\t\t\t\t\t\t<div class=\"elementor-posts-container elementor-posts elementor-posts--skin-cards elementor-grid\" role=\"list\">\n\t\t\t\t<article class=\"elementor-post elementor-grid-item post-1925 post type-post status-publish format-standard has-post-thumbnail hentry category-viajes-de-incentivos\" role=\"listitem\">\n\t\t\t<div class=\"elementor-post__card\">\n\t\t\t\t<a class=\"elementor-post__thumbnail__link\" href=\"https:\/\/www.see-network.es\/es\/2026\/04\/10\/como-planificar-un-viaje-de-incentivo-corporativo-a-espana-que-la-gente-realmente-recuerde\/\" tabindex=\"-1\" ><div class=\"elementor-post__thumbnail\"><img fetchpriority=\"high\" decoding=\"async\" width=\"300\" height=\"225\" src=\"https:\/\/www.see-network.es\/wp-content\/uploads\/sites\/2\/2026\/03\/Incentive-Trip-300x225.webp\" class=\"attachment-medium size-medium wp-image-1917\" alt=\"Incentive Trip\" srcset=\"https:\/\/www.see-network.es\/wp-content\/uploads\/sites\/2\/2026\/03\/Incentive-Trip-300x225.webp 300w, https:\/\/www.see-network.es\/wp-content\/uploads\/sites\/2\/2026\/03\/Incentive-Trip-768x576.webp 768w, https:\/\/www.see-network.es\/wp-content\/uploads\/sites\/2\/2026\/03\/Incentive-Trip.webp 800w\" sizes=\"(max-width: 300px) 100vw, 300px\" \/><\/div><\/a>\n\t\t\t\t<div class=\"elementor-post__text\">\n\t\t\t\t<h3 class=\"elementor-post__title\">\n\t\t\t<a href=\"https:\/\/www.see-network.es\/es\/2026\/04\/10\/como-planificar-un-viaje-de-incentivo-corporativo-a-espana-que-la-gente-realmente-recuerde\/\" >\n\t\t\t\tC\u00f3mo planificar un viaje de incentivo corporativo a Espa\u00f1a que la gente realmente recuerde\t\t\t<\/a>\n\t\t<\/h3>\n\t\t\t\t<div class=\"elementor-post__excerpt\">\n\t\t\t<p>La mayor\u00eda de los viajes de incentivo se olvidan en una semana. Un buen hotel, una cena de grupo, una excursi\u00f3n de medio d\u00eda \u2014 y tres meses despu\u00e9s nadie<\/p>\n\t\t<\/div>\n\t\t\n\t\t<a class=\"elementor-post__read-more\" href=\"https:\/\/www.see-network.es\/es\/2026\/04\/10\/como-planificar-un-viaje-de-incentivo-corporativo-a-espana-que-la-gente-realmente-recuerde\/\" aria-label=\"Read more about C\u00f3mo planificar un viaje de incentivo corporativo a Espa\u00f1a que la gente realmente recuerde\" tabindex=\"-1\" >\n\t\t\tLeer m\u00e1s \u00bb\t\t<\/a>\n\n\t\t\t\t<\/div>\n\t\t\t\t<div class=\"elementor-post__meta-data\">\n\t\t\t\t\t<span class=\"elementor-post-date\">\n\t\t\t10 de abril de 2026\t\t<\/span>\n\t\t\t\t<\/div>\n\t\t\t\t\t<\/div>\n\t\t<\/article>\n\t\t\t\t<article class=\"elementor-post elementor-grid-item post-1910 post type-post status-publish format-standard has-post-thumbnail hentry category-viajes-de-incentivos\" role=\"listitem\">\n\t\t\t<div class=\"elementor-post__card\">\n\t\t\t\t<a class=\"elementor-post__thumbnail__link\" href=\"https:\/\/www.see-network.es\/es\/2026\/03\/27\/que-es-una-dmc-en-espana-y-por-que-marca-la-diferencia-en-tus-eventos-corporativos\/\" tabindex=\"-1\" ><div class=\"elementor-post__thumbnail\"><img decoding=\"async\" width=\"300\" height=\"225\" src=\"https:\/\/www.see-network.es\/wp-content\/uploads\/sites\/2\/2026\/04\/que-es-una-DMC-en-Espana-300x225.webp\" class=\"attachment-medium size-medium wp-image-1911\" alt=\"Equipo DMC en Espa\u00f1a\" srcset=\"https:\/\/www.see-network.es\/wp-content\/uploads\/sites\/2\/2026\/04\/que-es-una-DMC-en-Espana-300x225.webp 300w, https:\/\/www.see-network.es\/wp-content\/uploads\/sites\/2\/2026\/04\/que-es-una-DMC-en-Espana-768x576.webp 768w, https:\/\/www.see-network.es\/wp-content\/uploads\/sites\/2\/2026\/04\/que-es-una-DMC-en-Espana.webp 800w\" sizes=\"(max-width: 300px) 100vw, 300px\" \/><\/div><\/a>\n\t\t\t\t<div class=\"elementor-post__text\">\n\t\t\t\t<h3 class=\"elementor-post__title\">\n\t\t\t<a href=\"https:\/\/www.see-network.es\/es\/2026\/03\/27\/que-es-una-dmc-en-espana-y-por-que-marca-la-diferencia-en-tus-eventos-corporativos\/\" >\n\t\t\t\tQu\u00e9 es una DMC en Espa\u00f1a y por qu\u00e9 marca la diferencia en tus eventos corporativos\t\t\t<\/a>\n\t\t<\/h3>\n\t\t\t\t<div class=\"elementor-post__excerpt\">\n\t\t\t<p>Tienes un cliente que quiere celebrar su evento de incentivos en Barcelona. O una multinacional que necesita organizar su convenci\u00f3n anual en Sevilla. El presupuesto est\u00e1 aprobado, las fechas confirmadas<\/p>\n\t\t<\/div>\n\t\t\n\t\t<a class=\"elementor-post__read-more\" href=\"https:\/\/www.see-network.es\/es\/2026\/03\/27\/que-es-una-dmc-en-espana-y-por-que-marca-la-diferencia-en-tus-eventos-corporativos\/\" aria-label=\"Read more about Qu\u00e9 es una DMC en Espa\u00f1a y por qu\u00e9 marca la diferencia en tus eventos corporativos\" tabindex=\"-1\" >\n\t\t\tLeer m\u00e1s \u00bb\t\t<\/a>\n\n\t\t\t\t<\/div>\n\t\t\t\t<div class=\"elementor-post__meta-data\">\n\t\t\t\t\t<span class=\"elementor-post-date\">\n\t\t\t27 de marzo de 2026\t\t<\/span>\n\t\t\t\t<\/div>\n\t\t\t\t\t<\/div>\n\t\t<\/article>\n\t\t\t\t<article class=\"elementor-post elementor-grid-item post-1783 post type-post status-publish format-standard has-post-thumbnail hentry category-viajes-de-incentivos\" role=\"listitem\">\n\t\t\t<div class=\"elementor-post__card\">\n\t\t\t\t<a class=\"elementor-post__thumbnail__link\" href=\"https:\/\/www.see-network.es\/es\/2026\/03\/13\/oficinas-internacionales-de-see-network-servicios-mice-globales-con-ejecucion-local\/\" tabindex=\"-1\" ><div class=\"elementor-post__thumbnail\"><img decoding=\"async\" width=\"300\" height=\"225\" src=\"https:\/\/www.see-network.es\/wp-content\/uploads\/sites\/2\/2025\/12\/Oficinas-internacionales-de-See-Network-300x225.webp\" class=\"attachment-medium size-medium wp-image-1784\" alt=\"oficinas internacionales especializadas en servicios MICE\" srcset=\"https:\/\/www.see-network.es\/wp-content\/uploads\/sites\/2\/2025\/12\/Oficinas-internacionales-de-See-Network-300x225.webp 300w, https:\/\/www.see-network.es\/wp-content\/uploads\/sites\/2\/2025\/12\/Oficinas-internacionales-de-See-Network-768x576.webp 768w, https:\/\/www.see-network.es\/wp-content\/uploads\/sites\/2\/2025\/12\/Oficinas-internacionales-de-See-Network.webp 800w\" sizes=\"(max-width: 300px) 100vw, 300px\" \/><\/div><\/a>\n\t\t\t\t<div class=\"elementor-post__text\">\n\t\t\t\t<h3 class=\"elementor-post__title\">\n\t\t\t<a href=\"https:\/\/www.see-network.es\/es\/2026\/03\/13\/oficinas-internacionales-de-see-network-servicios-mice-globales-con-ejecucion-local\/\" >\n\t\t\t\tOficinas internacionales de See-Network: servicios MICE globales con ejecuci\u00f3n local\t\t\t<\/a>\n\t\t<\/h3>\n\t\t\t\t<div class=\"elementor-post__excerpt\">\n\t\t\t<p>La internacionalizaci\u00f3n de las empresas ha transformado profundamente la forma de organizar reuniones, eventos y experiencias corporativas. Hoy, muchas organizaciones operan de manera simult\u00e1nea en distintos pa\u00edses y mercados, lo<\/p>\n\t\t<\/div>\n\t\t\n\t\t<a class=\"elementor-post__read-more\" href=\"https:\/\/www.see-network.es\/es\/2026\/03\/13\/oficinas-internacionales-de-see-network-servicios-mice-globales-con-ejecucion-local\/\" aria-label=\"Read more about Oficinas internacionales de See-Network: servicios MICE globales con ejecuci\u00f3n local\" tabindex=\"-1\" >\n\t\t\tLeer m\u00e1s \u00bb\t\t<\/a>\n\n\t\t\t\t<\/div>\n\t\t\t\t<div class=\"elementor-post__meta-data\">\n\t\t\t\t\t<span class=\"elementor-post-date\">\n\t\t\t13 de marzo de 2026\t\t<\/span>\n\t\t\t\t<\/div>\n\t\t\t\t\t<\/div>\n\t\t<\/article>\n\t\t\t\t<article class=\"elementor-post elementor-grid-item post-1775 post type-post status-publish format-standard has-post-thumbnail hentry category-viajes-de-incentivos\" role=\"listitem\">\n\t\t\t<div class=\"elementor-post__card\">\n\t\t\t\t<a class=\"elementor-post__thumbnail__link\" href=\"https:\/\/www.see-network.es\/es\/2026\/02\/27\/experiencias-mice-para-empresas-impacto-real\/\" tabindex=\"-1\" ><div class=\"elementor-post__thumbnail\"><img loading=\"lazy\" decoding=\"async\" width=\"300\" height=\"225\" src=\"https:\/\/www.see-network.es\/wp-content\/uploads\/sites\/2\/2025\/12\/Experiencias-MICE-para-empresas-300x225.webp\" class=\"attachment-medium size-medium wp-image-1776\" alt=\"Experiencias MICE para empresas\" srcset=\"https:\/\/www.see-network.es\/wp-content\/uploads\/sites\/2\/2025\/12\/Experiencias-MICE-para-empresas-300x225.webp 300w, https:\/\/www.see-network.es\/wp-content\/uploads\/sites\/2\/2025\/12\/Experiencias-MICE-para-empresas-768x576.webp 768w, https:\/\/www.see-network.es\/wp-content\/uploads\/sites\/2\/2025\/12\/Experiencias-MICE-para-empresas.webp 800w\" sizes=\"(max-width: 300px) 100vw, 300px\" \/><\/div><\/a>\n\t\t\t\t<div class=\"elementor-post__text\">\n\t\t\t\t<h3 class=\"elementor-post__title\">\n\t\t\t<a href=\"https:\/\/www.see-network.es\/es\/2026\/02\/27\/experiencias-mice-para-empresas-impacto-real\/\" >\n\t\t\t\tExperiencias MICE para empresas: c\u00f3mo generar impacto real m\u00e1s all\u00e1 del evento\t\t\t<\/a>\n\t\t<\/h3>\n\t\t\t\t<div class=\"elementor-post__excerpt\">\n\t\t\t<p>Las empresas no compiten \u00fanicamente por cuota de mercado, sino tambi\u00e9n por talento, reputaci\u00f3n y capacidad de conexi\u00f3n con sus p\u00fablicos internos y externos. Las experiencias MICE para empresas se<\/p>\n\t\t<\/div>\n\t\t\n\t\t<a class=\"elementor-post__read-more\" href=\"https:\/\/www.see-network.es\/es\/2026\/02\/27\/experiencias-mice-para-empresas-impacto-real\/\" aria-label=\"Read more about Experiencias MICE para empresas: c\u00f3mo generar impacto real m\u00e1s all\u00e1 del evento\" tabindex=\"-1\" >\n\t\t\tLeer m\u00e1s \u00bb\t\t<\/a>\n\n\t\t\t\t<\/div>\n\t\t\t\t<div class=\"elementor-post__meta-data\">\n\t\t\t\t\t<span class=\"elementor-post-date\">\n\t\t\t27 de febrero de 2026\t\t<\/span>\n\t\t\t\t<\/div>\n\t\t\t\t\t<\/div>\n\t\t<\/article>\n\t\t\t\t<article class=\"elementor-post elementor-grid-item post-1839 post type-post status-publish format-standard has-post-thumbnail hentry category-team-building\" role=\"listitem\">\n\t\t\t<div class=\"elementor-post__card\">\n\t\t\t\t<a class=\"elementor-post__thumbnail__link\" href=\"https:\/\/www.see-network.es\/es\/2026\/02\/13\/claves-para-crear-una-experiencia-de-team-building-efectiva-en-empresas\/\" tabindex=\"-1\" ><div class=\"elementor-post__thumbnail\"><img loading=\"lazy\" decoding=\"async\" width=\"300\" height=\"225\" src=\"https:\/\/www.see-network.es\/wp-content\/uploads\/sites\/2\/2025\/12\/Claves-para-crear-una-experiencia-de-team-building-efectiva-300x225.webp\" class=\"attachment-medium size-medium wp-image-1841\" alt=\"Claves para crear una experiencia de team building efectiva\" srcset=\"https:\/\/www.see-network.es\/wp-content\/uploads\/sites\/2\/2025\/12\/Claves-para-crear-una-experiencia-de-team-building-efectiva-300x225.webp 300w, https:\/\/www.see-network.es\/wp-content\/uploads\/sites\/2\/2025\/12\/Claves-para-crear-una-experiencia-de-team-building-efectiva-768x576.webp 768w, https:\/\/www.see-network.es\/wp-content\/uploads\/sites\/2\/2025\/12\/Claves-para-crear-una-experiencia-de-team-building-efectiva.webp 800w\" sizes=\"(max-width: 300px) 100vw, 300px\" \/><\/div><\/a>\n\t\t\t\t<div class=\"elementor-post__text\">\n\t\t\t\t<h3 class=\"elementor-post__title\">\n\t\t\t<a href=\"https:\/\/www.see-network.es\/es\/2026\/02\/13\/claves-para-crear-una-experiencia-de-team-building-efectiva-en-empresas\/\" >\n\t\t\t\tClaves para crear una experiencia de team building efectiva en empresas\t\t\t<\/a>\n\t\t<\/h3>\n\t\t\t\t<div class=\"elementor-post__excerpt\">\n\t\t\t<p>La presi\u00f3n por resultados y la globalizaci\u00f3n de los equipos hacen que las empresas se enfrenten a un reto fundamental: mantener a sus profesionales motivados, alineados y comprometidos. Por este<\/p>\n\t\t<\/div>\n\t\t\n\t\t<a class=\"elementor-post__read-more\" href=\"https:\/\/www.see-network.es\/es\/2026\/02\/13\/claves-para-crear-una-experiencia-de-team-building-efectiva-en-empresas\/\" aria-label=\"Read more about Claves para crear una experiencia de team building efectiva en empresas\" tabindex=\"-1\" >\n\t\t\tLeer m\u00e1s \u00bb\t\t<\/a>\n\n\t\t\t\t<\/div>\n\t\t\t\t<div class=\"elementor-post__meta-data\">\n\t\t\t\t\t<span class=\"elementor-post-date\">\n\t\t\t13 de febrero de 2026\t\t<\/span>\n\t\t\t\t<\/div>\n\t\t\t\t\t<\/div>\n\t\t<\/article>\n\t\t\t\t<article class=\"elementor-post elementor-grid-item post-1765 post type-post status-publish format-standard has-post-thumbnail hentry category-viajes-de-incentivos\" role=\"listitem\">\n\t\t\t<div class=\"elementor-post__card\">\n\t\t\t\t<a class=\"elementor-post__thumbnail__link\" href=\"https:\/\/www.see-network.es\/es\/2026\/01\/16\/turismo-mice-en-madrid-un-hub-estrategico-para-eventos-corporativos-internacionales\/\" tabindex=\"-1\" ><div class=\"elementor-post__thumbnail\"><img loading=\"lazy\" decoding=\"async\" width=\"300\" height=\"225\" src=\"https:\/\/www.see-network.es\/wp-content\/uploads\/sites\/2\/2025\/12\/Turismo-MICE-en-Madrid-1-300x225.webp\" class=\"attachment-medium size-medium wp-image-1768\" alt=\"Turismo MICE en Madrid\" srcset=\"https:\/\/www.see-network.es\/wp-content\/uploads\/sites\/2\/2025\/12\/Turismo-MICE-en-Madrid-1-300x225.webp 300w, https:\/\/www.see-network.es\/wp-content\/uploads\/sites\/2\/2025\/12\/Turismo-MICE-en-Madrid-1-768x576.webp 768w, https:\/\/www.see-network.es\/wp-content\/uploads\/sites\/2\/2025\/12\/Turismo-MICE-en-Madrid-1.webp 800w\" sizes=\"(max-width: 300px) 100vw, 300px\" \/><\/div><\/a>\n\t\t\t\t<div class=\"elementor-post__text\">\n\t\t\t\t<h3 class=\"elementor-post__title\">\n\t\t\t<a href=\"https:\/\/www.see-network.es\/es\/2026\/01\/16\/turismo-mice-en-madrid-un-hub-estrategico-para-eventos-corporativos-internacionales\/\" >\n\t\t\t\tTurismo MICE en Madrid: un hub estrat\u00e9gico para eventos corporativos internacionales\t\t\t<\/a>\n\t\t<\/h3>\n\t\t\t\t<div class=\"elementor-post__excerpt\">\n\t\t\t<p>Madrid es uno de los destinos m\u00e1s relevantes de Europa para el turismo de negocios. Su conectividad global y su capacidad organizativa la convierten en un enclave estrat\u00e9gico para empresas<\/p>\n\t\t<\/div>\n\t\t\n\t\t<a class=\"elementor-post__read-more\" href=\"https:\/\/www.see-network.es\/es\/2026\/01\/16\/turismo-mice-en-madrid-un-hub-estrategico-para-eventos-corporativos-internacionales\/\" aria-label=\"Read more about Turismo MICE en Madrid: un hub estrat\u00e9gico para eventos corporativos internacionales\" tabindex=\"-1\" >\n\t\t\tLeer m\u00e1s \u00bb\t\t<\/a>\n\n\t\t\t\t<\/div>\n\t\t\t\t<div class=\"elementor-post__meta-data\">\n\t\t\t\t\t<span class=\"elementor-post-date\">\n\t\t\t16 de enero de 2026\t\t<\/span>\n\t\t\t\t<\/div>\n\t\t\t\t\t<\/div>\n\t\t<\/article>\n\t\t\t\t<\/div>\n\t\t\n\t\t\t\t\t\t<\/div>\n\t\t\t\t<\/div>\n\t\t\t\t\t<\/div>\n\t\t\t\t<\/div>\n\t\t\t\t<\/div>\n\t\t","protected":false},"excerpt":{"rendered":"<p>\u00daltimas noticias y art\u00edculos<\/p>\n","protected":false},"author":1,"featured_media":0,"parent":0,"menu_order":0,"comment_status":"closed","ping_status":"closed","template":"","meta":{"_acf_changed":false,"footnotes":""},"class_list":["post-1426","page","type-page","status-publish","hentry"],"acf":[],"yoast_head":"<!-- This site is optimized with the Yoast SEO plugin v27.2 - https:\/\/yoast.com\/product\/yoast-seo-wordpress\/ -->\n<title>\u00daltimas noticias y art\u00edculos - See Network Espa\u00f1a<\/title>\n<meta name=\"description\" content=\"Mantente al d\u00eda con las \u00faltimas noticias, historias de actualidad y actualizaciones en tiempo real de todo el mundo en un solo lugar\" \/>\n<meta name=\"robots\" content=\"index, follow, max-snippet:-1, max-image-preview:large, max-video-preview:-1\" \/>\n<link rel=\"canonical\" href=\"https:\/\/www.see-network.es\/es\/blog\/\" \/>\n<meta property=\"og:locale\" content=\"es_ES\" \/>\n<meta property=\"og:type\" content=\"article\" \/>\n<meta property=\"og:title\" content=\"\u00daltimas noticias y art\u00edculos - See Network Espa\u00f1a\" \/>\n<meta property=\"og:description\" content=\"Mantente al d\u00eda con las \u00faltimas noticias, historias de actualidad y actualizaciones en tiempo real de todo el mundo en un solo lugar\" \/>\n<meta property=\"og:url\" content=\"https:\/\/www.see-network.es\/es\/blog\/\" \/>\n<meta property=\"og:site_name\" content=\"See Network Espa\u00f1a\" \/>\n<meta property=\"article:modified_time\" content=\"2025-10-02T11:10:52+00:00\" \/>\n<meta name=\"twitter:card\" content=\"summary_large_image\" \/>\n<meta name=\"twitter:label1\" content=\"Tiempo de lectura\" \/>\n\t<meta name=\"twitter:data1\" content=\"2 minutos\" \/>\n<script type=\"application\/ld+json\" class=\"yoast-schema-graph\">{\"@context\":\"https:\/\/schema.org\",\"@graph\":[{\"@type\":\"WebPage\",\"@id\":\"https:\/\/www.see-network.es\/es\/blog\/\",\"url\":\"https:\/\/www.see-network.es\/es\/blog\/\",\"name\":\"\u00daltimas noticias y art\u00edculos - See Network Espa\u00f1a\",\"isPartOf\":{\"@id\":\"https:\/\/www.see-network.es\/es\/#website\"},\"datePublished\":\"2025-09-05T11:35:06+00:00\",\"dateModified\":\"2025-10-02T11:10:52+00:00\",\"description\":\"Mantente al d\u00eda con las \u00faltimas noticias, historias de actualidad y actualizaciones en tiempo real de todo el mundo en un solo lugar\",\"breadcrumb\":{\"@id\":\"https:\/\/www.see-network.es\/es\/blog\/#breadcrumb\"},\"inLanguage\":\"es\",\"potentialAction\":[{\"@type\":\"ReadAction\",\"target\":[\"https:\/\/www.see-network.es\/es\/blog\/\"]}]},{\"@type\":\"BreadcrumbList\",\"@id\":\"https:\/\/www.see-network.es\/es\/blog\/#breadcrumb\",\"itemListElement\":[{\"@type\":\"ListItem\",\"position\":1,\"name\":\"Portada\",\"item\":\"https:\/\/www.see-network.es\/es\/\"},{\"@type\":\"ListItem\",\"position\":2,\"name\":\"Blog\"}]},{\"@type\":\"WebSite\",\"@id\":\"https:\/\/www.see-network.es\/es\/#website\",\"url\":\"https:\/\/www.see-network.es\/es\/\",\"name\":\"See Network Espa\u00f1a\",\"description\":\"Red de Eventos y Destinos\",\"publisher\":{\"@id\":\"https:\/\/www.see-network.es\/es\/#organization\"},\"potentialAction\":[{\"@type\":\"SearchAction\",\"target\":{\"@type\":\"EntryPoint\",\"urlTemplate\":\"https:\/\/www.see-network.es\/es\/?s={search_term_string}\"},\"query-input\":{\"@type\":\"PropertyValueSpecification\",\"valueRequired\":true,\"valueName\":\"search_term_string\"}}],\"inLanguage\":\"es\"},{\"@type\":\"Organization\",\"@id\":\"https:\/\/www.see-network.es\/es\/#organization\",\"name\":\"See Network Espa\u00f1a\",\"url\":\"https:\/\/www.see-network.es\/es\/\",\"logo\":{\"@type\":\"ImageObject\",\"inLanguage\":\"es\",\"@id\":\"https:\/\/www.see-network.es\/es\/#\/schema\/logo\/image\/\",\"url\":\"https:\/\/www.see-network.es\/wp-content\/uploads\/sites\/2\/2025\/02\/logo-See.png\",\"contentUrl\":\"https:\/\/www.see-network.es\/wp-content\/uploads\/sites\/2\/2025\/02\/logo-See.png\",\"width\":278,\"height\":86,\"caption\":\"See Network Espa\u00f1a\"},\"image\":{\"@id\":\"https:\/\/www.see-network.es\/es\/#\/schema\/logo\/image\/\"}}]}<\/script>\n<!-- \/ Yoast SEO plugin. -->","yoast_head_json":{"title":"\u00daltimas noticias y art\u00edculos - See Network Espa\u00f1a","description":"Mantente al d\u00eda con las \u00faltimas noticias, historias de actualidad y actualizaciones en tiempo real de todo el mundo en un solo lugar","robots":{"index":"index","follow":"follow","max-snippet":"max-snippet:-1","max-image-preview":"max-image-preview:large","max-video-preview":"max-video-preview:-1"},"canonical":"https:\/\/www.see-network.es\/es\/blog\/","og_locale":"es_ES","og_type":"article","og_title":"\u00daltimas noticias y art\u00edculos - See Network Espa\u00f1a","og_description":"Mantente al d\u00eda con las \u00faltimas noticias, historias de actualidad y actualizaciones en tiempo real de todo el mundo en un solo lugar","og_url":"https:\/\/www.see-network.es\/es\/blog\/","og_site_name":"See Network Espa\u00f1a","article_modified_time":"2025-10-02T11:10:52+00:00","twitter_card":"summary_large_image","twitter_misc":{"Tiempo de lectura":"2 minutos"},"schema":{"@context":"https:\/\/schema.org","@graph":[{"@type":"WebPage","@id":"https:\/\/www.see-network.es\/es\/blog\/","url":"https:\/\/www.see-network.es\/es\/blog\/","name":"\u00daltimas noticias y art\u00edculos - See Network Espa\u00f1a","isPartOf":{"@id":"https:\/\/www.see-network.es\/es\/#website"},"datePublished":"2025-09-05T11:35:06+00:00","dateModified":"2025-10-02T11:10:52+00:00","description":"Mantente al d\u00eda con las \u00faltimas noticias, historias de actualidad y actualizaciones en tiempo real de todo el mundo en un solo lugar","breadcrumb":{"@id":"https:\/\/www.see-network.es\/es\/blog\/#breadcrumb"},"inLanguage":"es","potentialAction":[{"@type":"ReadAction","target":["https:\/\/www.see-network.es\/es\/blog\/"]}]},{"@type":"BreadcrumbList","@id":"https:\/\/www.see-network.es\/es\/blog\/#breadcrumb","itemListElement":[{"@type":"ListItem","position":1,"name":"Portada","item":"https:\/\/www.see-network.es\/es\/"},{"@type":"ListItem","position":2,"name":"Blog"}]},{"@type":"WebSite","@id":"https:\/\/www.see-network.es\/es\/#website","url":"https:\/\/www.see-network.es\/es\/","name":"See Network Espa\u00f1a","description":"Red de Eventos y Destinos","publisher":{"@id":"https:\/\/www.see-network.es\/es\/#organization"},"potentialAction":[{"@type":"SearchAction","target":{"@type":"EntryPoint","urlTemplate":"https:\/\/www.see-network.es\/es\/?s={search_term_string}"},"query-input":{"@type":"PropertyValueSpecification","valueRequired":true,"valueName":"search_term_string"}}],"inLanguage":"es"},{"@type":"Organization","@id":"https:\/\/www.see-network.es\/es\/#organization","name":"See Network Espa\u00f1a","url":"https:\/\/www.see-network.es\/es\/","logo":{"@type":"ImageObject","inLanguage":"es","@id":"https:\/\/www.see-network.es\/es\/#\/schema\/logo\/image\/","url":"https:\/\/www.see-network.es\/wp-content\/uploads\/sites\/2\/2025\/02\/logo-See.png","contentUrl":"https:\/\/www.see-network.es\/wp-content\/uploads\/sites\/2\/2025\/02\/logo-See.png","width":278,"height":86,"caption":"See Network Espa\u00f1a"},"image":{"@id":"https:\/\/www.see-network.es\/es\/#\/schema\/logo\/image\/"}}]}},"_links":{"self":[{"href":"https:\/\/www.see-network.es\/es\/wp-json\/wp\/v2\/pages\/1426","targetHints":{"allow":["GET"]}}],"collection":[{"href":"https:\/\/www.see-network.es\/es\/wp-json\/wp\/v2\/pages"}],"about":[{"href":"https:\/\/www.see-network.es\/es\/wp-json\/wp\/v2\/types\/page"}],"author":[{"embeddable":true,"href":"https:\/\/www.see-network.es\/es\/wp-json\/wp\/v2\/users\/1"}],"replies":[{"embeddable":true,"href":"https:\/\/www.see-network.es\/es\/wp-json\/wp\/v2\/comments?post=1426"}],"version-history":[{"count":7,"href":"https:\/\/www.see-network.es\/es\/wp-json\/wp\/v2\/pages\/1426\/revisions"}],"predecessor-version":[{"id":1547,"href":"https:\/\/www.see-network.es\/es\/wp-json\/wp\/v2\/pages\/1426\/revisions\/1547"}],"wp:attachment":[{"href":"https:\/\/www.see-network.es\/es\/wp-json\/wp\/v2\/media?parent=1426"}],"curies":[{"name":"wp","href":"https:\/\/api.w.org\/{rel}","templated":true}]}}